{"id":612,"date":"2021-03-16T17:45:48","date_gmt":"2021-03-16T17:45:48","guid":{"rendered":"http:\/\/cavernaselsauce.com.ar\/?page_id=612"},"modified":"2022-08-11T04:00:13","modified_gmt":"2022-08-11T04:00:13","slug":"la-caverna-2-2","status":"publish","type":"page","link":"https:\/\/cavernaselsauce.com.ar\/index.php\/slider\/la-caverna-2-2\/","title":{"rendered":"La caverna"},"content":{"rendered":"\r\n<h2 class=\"wp-block-heading\">LA CAVERNA<\/h2>\r\n\r\n\r\n\r\n<p>Las cavernas El Sauce constituyen una de las riquezas que podemos hallar en nuestras sierras de C\u00f3rdoba, siendo una de las pocas formaciones de este tipo abiertas al turismo en nuestro pa\u00eds. Sebasti\u00e1n Ceballos, experto espele\u00f3logo, nos invita a introducirnos en sus profundidades y descubrir sus secretos.<\/p>\r\n\r\n\r\n\r\n<h2 class=\"wp-block-heading\">Un poco de historia<\/h2>\r\n\r\n\r\n\r\n<p>A principios de la d\u00e9cada del &#8217;60, cavando una cantera de carbonato de calcio, se descubre una caverna. Sin embargo se contin\u00faa trabajando durante bastante tiempo, por lo cual una parte importante de la formaci\u00f3n fue destruida por la acci\u00f3n de las m\u00e1quinas.<\/p>\r\n\r\n\r\n\r\n<p>A principios de los &#8217;80, la baja rentabilidad de la actividad minera hizo que terminaran las actividades en la cantera, cesando su deterioro. A partir de entonces, quedan descubiertas tres bocas, de las cuales dos son entradas o salidas y una tercera que es una ventana, la cual le permite tener mucha circulaci\u00f3n de aire a la Caverna.<\/p>\r\n\r\n\r\n\r\n<h2 class=\"wp-block-heading\">\u00bfQu\u00e9 son las cavernas?<\/h2>\r\n\r\n\r\n\r\n<p>Una caverna es un espacio en la roca, que se interconecta formando galer\u00edas y salas. Las hay de todo tipo de minerales: sal, yeso, hielo, etc. Esta puntualmente, es de carbonato de calcio.<\/p>\r\n\r\n\r\n\r\n<p>Se forman por la acci\u00f3n del agua, que puede ser mec\u00e1nica, como es el caso de r\u00edos subterr\u00e1neos o por disoluci\u00f3n como es el caso por el agua de la lluvia, que penetra por las fisuras de las rocas, disolvi\u00e9ndolas muy lentamente, creando as\u00ed espacios subterr\u00e1neos. A su vez, con el paso del tiempo, son ornamentados por el fen\u00f3meno natural de precipitaci\u00f3n, que configura espeleotemas, es decir, estalactitas y estalagmitas, un espect\u00e1culo sin par.<\/p>\r\n\r\n\r\n\r\n<p>Tienen una temperatura estable que es la media anual exterior del lugar; En El Sauce oscila entre 13\u00ba y 14\u00ba, con una humedad que alcanza el 96%. Es la caverna m\u00e1s larga de la provincia de C\u00f3rdoba, tiene alrededor de 1000 metros. La altura var\u00eda en sus diferentes estancias, pero la sima (punto m\u00e1s profundo) se encuentra a 26 metros desde la boca del ingreso. La altura del techo por momentos alcanza los 8 metros, y algunas partes es muy bajo.<\/p>\r\n\r\n\r\n\r\n<p>Son espacios sumamante reveladores en el \u00e1mbito geol\u00f3gico: las coralinas de las cavernas El Sauce, por ejemplo, muestran anillos de diferentes colores, porque en el exterior, en la capa del suelo, hubo bosques en alg\u00fan momento. Al ser un importante \u00e1mbito de estudio, se est\u00e1 trabajando en conjunto con la Sociedad Argentina de Epeleolog\u00eda de Buenos Aires para instalar en la caverna un laboratorio de monitoreo, que permitir\u00e1 desarrollar tareas de medici\u00f3n e investigaci\u00f3n que aportar\u00e1n m\u00e1s datos acerca de nuestro pasado geol\u00f3gico.<\/p>\r\n\r\n\r\n\r\n<h2 class=\"wp-block-heading\">\u00bfPuede recorrerse esta caverna?<\/h2>\r\n\r\n\r\n\r\n<p>S\u00ed. No todas las cavernas son aptas para su visita. Existen por ejemplo cavernas bajo el agua que solamente pueden ser recorridas por expertos. Si decidimos adentrarnos en El Sauce, debemos saber que all\u00ed dentro la oscuridad es total, y los espacios son a veces muy amplios, pero por momentos muy reducidos. Para ello, se provee de un equipo especial para el espeleoturismo, y un gu\u00eda acompa\u00f1a a los visitantes por sus galer\u00edas.<\/p>\r\n\r\n\r\n\r\n<p>Para los que nunca hayan tenido la experiencia, y quieran conocer este tipo de formaciones naturales, existe un circuito b\u00e1sico de una hora y 15 minutos. Pero los que deseen una aventura m\u00e1s intensa, podr\u00e1n descender por lugares ocultos para la mayor\u00eda de los visitantes, en un circuito de dos horas y media.<\/p>\r\n\r\n\r\n\r\n<p>Como si fuera poco, tambi\u00e9n existe la posibilidad de visitarla de d\u00eda o de noche. Si bien adentro de la caverna reina la oscuridad, el gu\u00eda asegura que los recorridos nocturnos tienen otro sabor. Colores y texturas no imaginadas te esperan en el interior de las cavernas El Sauce; te invitamos ser parte de esta experiencia maravillosa.<\/p>\r\n","protected":false},"excerpt":{"rendered":"<p>Las cavernas El Sauce constituyen una de las riquezas que podemos hallar en nuestras sierras de C\u00f3rdoba, siendo una de las pocas formaciones de este tipo abiertas al turismo en nuestro pa\u00eds.<\/p>\n","protected":false},"author":3,"featured_media":600,"parent":147,"menu_order":0,"comment_status":"closed","ping_status":"closed","template":"","meta":{"footnotes":""},"class_list":["post-612","page","type-page","status-publish","has-post-thumbnail","hentry"],"_links":{"self":[{"href":"https:\/\/cavernaselsauce.com.ar\/index.php\/wp-json\/wp\/v2\/pages\/612","targetHints":{"allow":["GET"]}}],"collection":[{"href":"https:\/\/cavernaselsauce.com.ar\/index.php\/wp-json\/wp\/v2\/pages"}],"about":[{"href":"https:\/\/cavernaselsauce.com.ar\/index.php\/wp-json\/wp\/v2\/types\/page"}],"author":[{"embeddable":true,"href":"https:\/\/cavernaselsauce.com.ar\/index.php\/wp-json\/wp\/v2\/users\/3"}],"replies":[{"embeddable":true,"href":"https:\/\/cavernaselsauce.com.ar\/index.php\/wp-json\/wp\/v2\/comments?post=612"}],"version-history":[{"count":7,"href":"https:\/\/cavernaselsauce.com.ar\/index.php\/wp-json\/wp\/v2\/pages\/612\/revisions"}],"predecessor-version":[{"id":854,"href":"https:\/\/cavernaselsauce.com.ar\/index.php\/wp-json\/wp\/v2\/pages\/612\/revisions\/854"}],"up":[{"embeddable":true,"href":"https:\/\/cavernaselsauce.com.ar\/index.php\/wp-json\/wp\/v2\/pages\/147"}],"wp:featuredmedia":[{"embeddable":true,"href":"https:\/\/cavernaselsauce.com.ar\/index.php\/wp-json\/wp\/v2\/media\/600"}],"wp:attachment":[{"href":"https:\/\/cavernaselsauce.com.ar\/index.php\/wp-json\/wp\/v2\/media?parent=612"}],"curies":[{"name":"wp","href":"https:\/\/api.w.org\/{rel}","templated":true}]}}