{"id":504,"date":"2021-01-17T21:31:20","date_gmt":"2021-01-17T21:31:20","guid":{"rendered":"http:\/\/cavernaselsauce.com.ar\/?page_id=504"},"modified":"2021-03-18T16:55:50","modified_gmt":"2021-03-18T16:55:50","slug":"wer-wir-sind","status":"publish","type":"page","link":"https:\/\/cavernaselsauce.com.ar\/index.php\/de\/wer-wir-sind\/","title":{"rendered":"Wer wir sind"},"content":{"rendered":"\n<p><\/p>\n\n\n\n<section id=\"section-48ce708f-4d31-454f-b5ca-020c26243d55\" class=\"wp-block-gutentor-about-block gutentor-section gutentor-about about-template1 has-color-bg has-custom-bg\"><div class=\"grid-container\"><div class=\"gutentor-grid-item-wrap\"><div class=\"gutentor-single-item\"><div class=\"grid-row\"><div class=\"grid-md-6 about-grid\"><div class=\"gutentor-single-item-image-box\"><div class=\"gutentor-image-thumb\"><img decoding=\"async\" class=\"normal-image\" src=\"https:\/\/cavernaselsauce.com.ar\/wp-content\/uploads\/2021\/01\/fotoslacaverna-248x218-34-4.png\" alt=\"\"\/><\/div><\/div><\/div><div class=\"grid-md-6 about-grid\"><div class=\"gutentor-single-item-content\"><div class=\"gutentor-about-content\"><h3 class=\"gutentor-single-item-title\">Wer wir sind<\/h3><p class=\"gutentor-single-item-desc\">Mehr als f\u00fcnfzehn Jahre Erfahrung best\u00e4tigen unsere Fertigkeit und Wissen im Gruppenumgang in kleinen und dunklen R\u00e4umlichkeiten.<br>Wir arbeiten mit einer Gruppe von erfahrenen Mitarbeitern in diesem Fach und verf\u00fcgen \u00fcber die n\u00f6tige Ausr\u00fcstung um unseren Besuchern ihre Sicherheit garantieren zu k\u00f6nnen:<br>* Mit Scheinwerfern ausgestattete Sicherheitshelme<br>* Handschuhe<br>* Schutzanzug<\/p><\/div><\/div><\/div><\/div><\/div><\/div><\/div><\/section>\n\n\n\n<p><\/p>\n\n\n\n<section id=\"section-d89e4137-bb6e-4b5f-8c6a-e639f3d8c012\" class=\"wp-block-gutentor-author-profile gutentor-section  gutentor-author author-profile-template1 has-color-bg has-custom-bg\"><div class=\"grid-container\"><div class=\"gutentor-block-header\"><div class=\"gutentor-section-title enable-title-design seperator-bottom text-center\"><h2 class=\"gutentor-title\">SEBASTI\u00c1N CEBALLOS<\/h2><\/div><\/div><div class=\"gutentor-grid-item-wrap\"><div class=\"gutentor-single-item\"><div class=\"gutentor-single-item-content\"><div class=\"gutentor-single-item-image-box\"><div class=\"gutentor-image-thumb\"><img decoding=\"async\" class=\"normal-image\" src=\"https:\/\/cavernaselsauce.com.ar\/wp-content\/uploads\/2021\/01\/dsc-8445-3008x2000-19_1-4.jpg\" alt=\"\"\/><\/div><\/div><div class=\"gutentor-author-content\"><div class=\"gutentor-author-detail\"><h3 class=\"gutentor-single-item-title\"> H\u00f6hlenforscher.<\/h3><p class=\"gutentor-single-item-designation\">Tourismusf\u00fchrer und Alternativer Tourismusanbieter<br>Befugt laut \u00a7 08801\/99 Dtro N\u00ba 818-02<br>Tourismusagentour C\u00f3rdoba<br>Provinz C\u00f3rdoba<br>Spezialisiert in H\u00f6hlenforschung<\/p><\/div><div class=\"gutentor-single-item-desc\"><p class=\"gutentor-single-item-desc\"> <\/p><\/div><\/div><\/div><\/div><\/div><\/div><\/section>\n\n\n\n<p><\/p>\n\n\n\n<section id=\"section-3cb8c4ed-5ab7-470e-a15b-3080de1fed0a\" class=\"wp-block-gutentor-author-profile gutentor-section  gutentor-author author-profile-template1 has-color-bg has-custom-bg\"><div class=\"grid-container\"><div class=\"gutentor-block-header\"><div class=\"gutentor-section-title enable-title-design seperator-bottom text-center\"><h2 class=\"gutentor-title\">ALICIA VINOVO<\/h2><\/div><\/div><div class=\"gutentor-grid-item-wrap\"><div class=\"gutentor-single-item\"><div class=\"gutentor-single-item-content\"><div class=\"gutentor-single-item-image-box\"><div class=\"gutentor-image-thumb\"><img decoding=\"async\" class=\"normal-image\" src=\"https:\/\/cavernaselsauce.com.ar\/wp-content\/uploads\/2021\/03\/Alicia-Vinovo-Guia-scaled.jpg\" alt=\"Cavernas El Sauce\"\/><\/div><\/div><div class=\"gutentor-author-content\"><div class=\"gutentor-author-detail\"><h3 class=\"gutentor-single-item-title\">H\u00f6hlenforscherin.<\/h3><p class=\"gutentor-single-item-designation\">Tourismusf\u00fchrer und Alternativer Tourismusanbieter<br>Befugt laut \u00a7 08801\/99 Dtro N\u00ba 818-02<br>Tourismusagentour C\u00f3rdoba<br>Provinz C\u00f3rdoba<br>Spezialisiert in H\u00f6hlenforschung<\/p><\/div><div class=\"gutentor-single-item-desc\"><p class=\"gutentor-single-item-desc\"><br><br><br> <\/p><\/div><\/div><\/div><\/div><\/div><\/div><\/section>\n","protected":false},"excerpt":{"rendered":"","protected":false},"author":3,"featured_media":0,"parent":0,"menu_order":0,"comment_status":"closed","ping_status":"closed","template":"","meta":{"footnotes":""},"class_list":["post-504","page","type-page","status-publish","hentry"],"_links":{"self":[{"href":"https:\/\/cavernaselsauce.com.ar\/index.php\/wp-json\/wp\/v2\/pages\/504","targetHints":{"allow":["GET"]}}],"collection":[{"href":"https:\/\/cavernaselsauce.com.ar\/index.php\/wp-json\/wp\/v2\/pages"}],"about":[{"href":"https:\/\/cavernaselsauce.com.ar\/index.php\/wp-json\/wp\/v2\/types\/page"}],"author":[{"embeddable":true,"href":"https:\/\/cavernaselsauce.com.ar\/index.php\/wp-json\/wp\/v2\/users\/3"}],"replies":[{"embeddable":true,"href":"https:\/\/cavernaselsauce.com.ar\/index.php\/wp-json\/wp\/v2\/comments?post=504"}],"version-history":[{"count":3,"href":"https:\/\/cavernaselsauce.com.ar\/index.php\/wp-json\/wp\/v2\/pages\/504\/revisions"}],"predecessor-version":[{"id":657,"href":"https:\/\/cavernaselsauce.com.ar\/index.php\/wp-json\/wp\/v2\/pages\/504\/revisions\/657"}],"wp:attachment":[{"href":"https:\/\/cavernaselsauce.com.ar\/index.php\/wp-json\/wp\/v2\/media?parent=504"}],"curies":[{"name":"wp","href":"https:\/\/api.w.org\/{rel}","templated":true}]}}