{"id":499,"date":"2021-01-17T21:22:11","date_gmt":"2021-01-17T21:22:11","guid":{"rendered":"http:\/\/cavernaselsauce.com.ar\/?page_id=499"},"modified":"2021-03-18T16:54:30","modified_gmt":"2021-03-18T16:54:30","slug":"qui-sommes-nous","status":"publish","type":"page","link":"https:\/\/cavernaselsauce.com.ar\/index.php\/fr\/qui-sommes-nous\/","title":{"rendered":"Qui sommes-nous"},"content":{"rendered":"\n<p><\/p>\n\n\n\n<section id=\"section-01d5d02f-acda-4afa-bc4d-b78370b5be08\" class=\"wp-block-gutentor-about-block gutentor-section gutentor-about about-template1 has-color-bg has-custom-bg\"><div class=\"grid-container\"><div class=\"gutentor-grid-item-wrap\"><div class=\"gutentor-single-item\"><div class=\"grid-row\"><div class=\"grid-md-6 about-grid\"><div class=\"gutentor-single-item-image-box\"><div class=\"gutentor-image-thumb\"><img decoding=\"async\" class=\"normal-image\" src=\"https:\/\/cavernaselsauce.com.ar\/wp-content\/uploads\/2021\/01\/fotoslacaverna-248x218-34-3.png\" alt=\"\"\/><\/div><\/div><\/div><div class=\"grid-md-6 about-grid\"><div class=\"gutentor-single-item-content\"><div class=\"gutentor-about-content\"><h3 class=\"gutentor-single-item-title\">Qui sommes-nous<\/h3><p class=\"gutentor-single-item-desc\">Plus de 15 six ans d&#8217;exp\u00e9rience en conduissant des groupes dans des espaces renferm\u00e9s ou r\u00e9duits et absolument obscurs , avalisen notre trajectoire.<br>Nous travaillons avec un groupe de collaborateurs de longues ann\u00e9es d&#8217;exp\u00e9rience dans l&#8217;activit\u00e9.<br>On compte aussi sur l&#8217;\u00e9quipement n\u00e9cessaire pour la s\u00e9curit\u00e9 de nos visiteurs:<br>* casque \u00e0 lumi\u00e8re frontale<br>* bleu de travail<br>* des gants<\/p><\/div><\/div><\/div><\/div><\/div><\/div><\/div><\/section>\n\n\n\n<p><\/p>\n\n\n\n<section id=\"section-d5590d39-5280-45db-b727-dfc149faa569\" class=\"wp-block-gutentor-author-profile gutentor-section  gutentor-author author-profile-template1 has-color-bg has-custom-bg\"><div class=\"grid-container\"><div class=\"gutentor-block-header\"><div class=\"gutentor-section-title enable-title-design seperator-bottom text-center\"><h2 class=\"gutentor-title\">SEBASTI\u00c1N CEBALLOS<\/h2><\/div><\/div><div class=\"gutentor-grid-item-wrap\"><div class=\"gutentor-single-item\"><div class=\"gutentor-single-item-content\"><div class=\"gutentor-single-item-image-box\"><div class=\"gutentor-image-thumb\"><img decoding=\"async\" class=\"normal-image\" src=\"https:\/\/cavernaselsauce.com.ar\/wp-content\/uploads\/2021\/01\/dsc-8445-3008x2000-19_1-3.jpg\" alt=\"\"\/><\/div><\/div><div class=\"gutentor-author-content\"><div class=\"gutentor-author-detail\"><h3 class=\"gutentor-single-item-title\">Sp\u00e9l\u00e9ologue.<\/h3><p class=\"gutentor-single-item-designation\">Connaisseur en tourisme d&#8217;aventure (guide)<br>Habilit\u00e9 d&#8217;apr\u00e8s la loi 08801\/99 Dtro N\u00ba 818-02<br>Agence \u00abCordoba Turismo\u00bb<br>Prov C\u00f3rdoba.<br>Sp\u00e9cialis\u00e9 en sp\u00e9l\u00e9otourisme ou dans l&#8217;activit\u00e9 de sp\u00e9l\u00e9isme<\/p><\/div><div class=\"gutentor-single-item-desc\"><p class=\"gutentor-single-item-desc\"> <\/p><\/div><\/div><\/div><\/div><\/div><\/div><\/section>\n\n\n\n<section id=\"section-00bc765f-9960-43a1-a719-9f1bfb12ee17\" class=\"wp-block-gutentor-author-profile gutentor-section  gutentor-author author-profile-template1 has-color-bg has-custom-bg\"><div class=\"grid-container\"><div class=\"gutentor-block-header\"><div class=\"gutentor-section-title enable-title-design seperator-bottom text-center\"><h2 class=\"gutentor-title\">ALICIA VINOVO<\/h2><\/div><\/div><div class=\"gutentor-grid-item-wrap\"><div class=\"gutentor-single-item\"><div class=\"gutentor-single-item-content\"><div class=\"gutentor-single-item-image-box\"><div class=\"gutentor-image-thumb\"><img decoding=\"async\" class=\"normal-image\" src=\"https:\/\/cavernaselsauce.com.ar\/wp-content\/uploads\/2021\/03\/Alicia-Vinovo-Guia-scaled.jpg\" alt=\"Cavernas El Sauce\"\/><\/div><\/div><div class=\"gutentor-author-content\"><div class=\"gutentor-author-detail\"><h3 class=\"gutentor-single-item-title\">Sp\u00e9l\u00e9ologue.<\/h3><p class=\"gutentor-single-item-designation\">Connaisseur en tourisme d&#8217;aventure (guide)<br>Habilit\u00e9 d&#8217;apr\u00e8s la loi 08801\/99 Dtro N\u00ba 818-02<br>Agence \u00abCordoba Turismo\u00bb<br>Prov C\u00f3rdoba.<br>Sp\u00e9cialis\u00e9 en sp\u00e9l\u00e9otourisme ou dans l&#8217;activit\u00e9 de sp\u00e9l\u00e9isme<\/p><\/div><div class=\"gutentor-single-item-desc\"><p class=\"gutentor-single-item-desc\"><\/p><\/div><\/div><\/div><\/div><\/div><\/div><\/section>\n\n\n\n<p><\/p>\n","protected":false},"excerpt":{"rendered":"","protected":false},"author":3,"featured_media":0,"parent":0,"menu_order":0,"comment_status":"closed","ping_status":"closed","template":"","meta":{"footnotes":""},"class_list":["post-499","page","type-page","status-publish","hentry"],"_links":{"self":[{"href":"https:\/\/cavernaselsauce.com.ar\/index.php\/wp-json\/wp\/v2\/pages\/499","targetHints":{"allow":["GET"]}}],"collection":[{"href":"https:\/\/cavernaselsauce.com.ar\/index.php\/wp-json\/wp\/v2\/pages"}],"about":[{"href":"https:\/\/cavernaselsauce.com.ar\/index.php\/wp-json\/wp\/v2\/types\/page"}],"author":[{"embeddable":true,"href":"https:\/\/cavernaselsauce.com.ar\/index.php\/wp-json\/wp\/v2\/users\/3"}],"replies":[{"embeddable":true,"href":"https:\/\/cavernaselsauce.com.ar\/index.php\/wp-json\/wp\/v2\/comments?post=499"}],"version-history":[{"count":3,"href":"https:\/\/cavernaselsauce.com.ar\/index.php\/wp-json\/wp\/v2\/pages\/499\/revisions"}],"predecessor-version":[{"id":655,"href":"https:\/\/cavernaselsauce.com.ar\/index.php\/wp-json\/wp\/v2\/pages\/499\/revisions\/655"}],"wp:attachment":[{"href":"https:\/\/cavernaselsauce.com.ar\/index.php\/wp-json\/wp\/v2\/media?parent=499"}],"curies":[{"name":"wp","href":"https:\/\/api.w.org\/{rel}","templated":true}]}}