{"id":494,"date":"2021-01-17T21:05:10","date_gmt":"2021-01-17T21:05:10","guid":{"rendered":"http:\/\/cavernaselsauce.com.ar\/?page_id=494"},"modified":"2021-03-18T16:53:50","modified_gmt":"2021-03-18T16:53:50","slug":"quem-somos","status":"publish","type":"page","link":"https:\/\/cavernaselsauce.com.ar\/index.php\/pt\/quem-somos\/","title":{"rendered":"Quem somos"},"content":{"rendered":"\n<p><\/p>\n\n\n\n<section id=\"section-44a44396-7525-4cfd-86a6-1a9e3e26aa5e\" class=\"wp-block-gutentor-about-block gutentor-section gutentor-about about-template1 has-color-bg has-custom-bg\"><div class=\"grid-container\"><div class=\"gutentor-grid-item-wrap\"><div class=\"gutentor-single-item\"><div class=\"grid-row\"><div class=\"grid-md-6 about-grid\"><div class=\"gutentor-single-item-image-box\"><div class=\"gutentor-image-thumb\"><img decoding=\"async\" class=\"normal-image\" src=\"https:\/\/cavernaselsauce.com.ar\/wp-content\/uploads\/2021\/01\/fotoslacaverna-248x218-34-2.png\" alt=\"\"\/><\/div><\/div><\/div><div class=\"grid-md-6 about-grid\"><div class=\"gutentor-single-item-content\"><div class=\"gutentor-about-content\"><h3 class=\"gutentor-single-item-title\">Quem somos<\/h3><p class=\"gutentor-single-item-desc\">Mais de 15 anos de experi\u00eancia garantem o nosso caminho de fuga ou em espa\u00e7os confinados e completamente escura, sabendo que o grupo de gerenciamento.<br>N\u00f3s trabalhamos com um grupo de parceiros com vasta experi\u00eancia no ramo.<br>Temos o equipamento necess\u00e1rio para prover seguran\u00e7a para os visitantes:<br>* Capacete com farol<br>* Coverall<br>* Luvas<\/p><\/div><\/div><\/div><\/div><\/div><\/div><\/div><\/section>\n\n\n\n<section id=\"section-b32ab44d-ea9e-4ae7-88d7-189b7a1604ea\" class=\"wp-block-gutentor-author-profile gutentor-section  gutentor-author author-profile-template1 has-color-bg has-custom-bg\"><div class=\"grid-container\"><div class=\"gutentor-block-header\"><div class=\"gutentor-section-title enable-title-design seperator-bottom text-center\"><h2 class=\"gutentor-title\"><strong>SEBASTI\u00c1N CEBALLOS<\/strong><\/h2><\/div><\/div><div class=\"gutentor-grid-item-wrap\"><div class=\"gutentor-single-item\"><div class=\"gutentor-single-item-content\"><div class=\"gutentor-single-item-image-box\"><div class=\"gutentor-image-thumb\"><img decoding=\"async\" class=\"normal-image\" src=\"https:\/\/cavernaselsauce.com.ar\/wp-content\/uploads\/2021\/01\/dsc-8445-3008x2000-19_1-2.jpg\" alt=\"\"\/><\/div><\/div><div class=\"gutentor-author-content\"><div class=\"gutentor-author-detail\"><h3 class=\"gutentor-single-item-title\">Caver.<\/h3><p class=\"gutentor-single-item-designation\">Operador de Turismo Alternativo (Guia)<br>Autorizado de acordo com a Lei n\u00ba 818-02 08801\/99 Dtro (es igual la abrebiatura)<br>Ag\u00eancia C\u00f3rdoba de Turismo<br>Prov\u00edncia de C\u00f3rdoba<br>Especializando-se em cavernas ou atividade mergulho em cavernas.<\/p><\/div><div class=\"gutentor-single-item-desc\"><p class=\"gutentor-single-item-desc\"><\/p><\/div><\/div><\/div><\/div><\/div><\/div><\/section>\n\n\n\n<section id=\"section-dc4a64ea-9d92-4ef4-8888-3ea97b113e2e\" class=\"wp-block-gutentor-author-profile gutentor-section  gutentor-author author-profile-template1 has-color-bg has-custom-bg\"><div class=\"grid-container\"><div class=\"gutentor-block-header\"><div class=\"gutentor-section-title enable-title-design seperator-bottom text-center\"><h2 class=\"gutentor-title\">ALICIA VINOVO<\/h2><\/div><\/div><div class=\"gutentor-grid-item-wrap\"><div class=\"gutentor-single-item\"><div class=\"gutentor-single-item-content\"><div class=\"gutentor-single-item-image-box\"><div class=\"gutentor-image-thumb\"><img decoding=\"async\" class=\"normal-image\" src=\"https:\/\/cavernaselsauce.com.ar\/wp-content\/uploads\/2021\/03\/Alicia-Vinovo-Guia-scaled.jpg\" alt=\"Cavernas El Sauce\"\/><\/div><\/div><div class=\"gutentor-author-content\"><div class=\"gutentor-author-detail\"><h3 class=\"gutentor-single-item-title\"> Cave.<\/h3><p class=\"gutentor-single-item-designation\">Operadora de Turismo Alternativo  (Guia)<br>Ag\u00eancia C\u00f3rdoba de Turismo<br>Prov\u00edncia de C\u00f3rdoba<br>Especializando-se em cavernas ou atividade mergulho em cavernas.<\/p><\/div><div class=\"gutentor-single-item-desc\"><p class=\"gutentor-single-item-desc\"><\/p><\/div><\/div><\/div><\/div><\/div><\/div><\/section>\n","protected":false},"excerpt":{"rendered":"","protected":false},"author":3,"featured_media":0,"parent":0,"menu_order":0,"comment_status":"closed","ping_status":"closed","template":"","meta":{"footnotes":""},"class_list":["post-494","page","type-page","status-publish","hentry"],"_links":{"self":[{"href":"https:\/\/cavernaselsauce.com.ar\/index.php\/wp-json\/wp\/v2\/pages\/494","targetHints":{"allow":["GET"]}}],"collection":[{"href":"https:\/\/cavernaselsauce.com.ar\/index.php\/wp-json\/wp\/v2\/pages"}],"about":[{"href":"https:\/\/cavernaselsauce.com.ar\/index.php\/wp-json\/wp\/v2\/types\/page"}],"author":[{"embeddable":true,"href":"https:\/\/cavernaselsauce.com.ar\/index.php\/wp-json\/wp\/v2\/users\/3"}],"replies":[{"embeddable":true,"href":"https:\/\/cavernaselsauce.com.ar\/index.php\/wp-json\/wp\/v2\/comments?post=494"}],"version-history":[{"count":4,"href":"https:\/\/cavernaselsauce.com.ar\/index.php\/wp-json\/wp\/v2\/pages\/494\/revisions"}],"predecessor-version":[{"id":654,"href":"https:\/\/cavernaselsauce.com.ar\/index.php\/wp-json\/wp\/v2\/pages\/494\/revisions\/654"}],"wp:attachment":[{"href":"https:\/\/cavernaselsauce.com.ar\/index.php\/wp-json\/wp\/v2\/media?parent=494"}],"curies":[{"name":"wp","href":"https:\/\/api.w.org\/{rel}","templated":true}]}}