{"id":399,"date":"2021-01-15T14:48:42","date_gmt":"2021-01-15T14:48:42","guid":{"rendered":"http:\/\/cavernaselsauce.com.ar\/?page_id=399"},"modified":"2021-03-11T11:14:38","modified_gmt":"2021-03-11T11:14:38","slug":"die-hohle","status":"publish","type":"page","link":"https:\/\/cavernaselsauce.com.ar\/index.php\/de\/die-hohle\/","title":{"rendered":"DIE H\u00d6HLE"},"content":{"rendered":"\n<p><\/p>\n\n\n\n<section id=\"section-c04ecaa6-aa52-4782-a7be-106888723bf1\" class=\"wp-block-gutentor-advanced-columns gutentor-section gutentor-advanced-columns has-image-bg has-custom-bg has-gutentor-overlay\"><div class=\"grid-container\"><div class=\"grid-row\">\n<section id=\"section-6e399127-0789-4e17-8be6-d594c843f57f\" class=\"wp-block-gutentor-single-column gutentor-single-column  grid-lg-6 grid-md-12 grid-12\">\n<p><\/p>\n<\/section>\n\n\n\n<div id=\"section-951173ef-021f-4326-9bf5-5fec3ba5b93f\" class=\"wp-block-gutentor-single-column gutentor-single-column  grid-lg-6 grid-md-12 grid-12 has-color-bg has-custom-bg\">\n<section id=\"section-bf3220ec-458c-485c-88a4-50f1471372a1\" class=\"wp-block-gutentor-content-box gutentor-section gutentor-content-box-wrapper content-template1\"><div class=\"grid-container gutentor-rm-ct-space\"><div class=\"grid-row gutentor-grid-item-wrap gutentor-rm-row-space\"><div class=\"gutentor-grid-column grid-lg-12 grid-md-12 grid-12 gutentor-rm-col-space\"><div class=\"gutentor-single-item gutentor-single-item-0\"><div class=\"gutentor-single-item-wrap\"><div class=\"gutentor-single-item-content\"><h3 class=\"gutentor-single-item-title\">DIE H\u00d6HLE<\/h3><p class=\"gutentor-single-item-desc\">In der Stadt La Falda, findet man eines der interessantesten Ph\u00e4nomene der Geologie Argentiniens: Die H\u00f6hle \u00abEl Sauce\u00bb, mit einer L\u00e4nge von etwa 1000 Metern ist sie die l\u00e4ngste in der Provinz Cordoba, und eine der gr\u00f6\u00dften in Argentinien, Aufgrund ihrer Eigenschaften ist diese nat\u00fcrliche H\u00f6hle geeignet f\u00fcr das allgemeine Publikum anhand spezieller F\u00fchrungen, H\u00f6hlenturismus, sowie f\u00fcr Freunde der H\u00f6hlen- und wissenschaftlichen Forschung. Die H\u00f6hle \u00abEl Sauce\u00bb l\u00e4dt Sie zu einem Abenteuer ein: das Erlebnis zu erfaheren zu Fu\u00df die Tiefen der Erde zu erforschen, ihre Geheimnisse zu entl\u00fcften und eine spannende und wunderbare unterirdische Welt voller Charme und Mysterium zu entdecken.  <\/p><\/div><\/div><\/div><\/div><\/div><\/div><\/section>\n\n\n<\/div>\n<\/div><\/div><\/section>\n","protected":false},"excerpt":{"rendered":"","protected":false},"author":3,"featured_media":0,"parent":0,"menu_order":0,"comment_status":"closed","ping_status":"closed","template":"","meta":{"footnotes":""},"class_list":["post-399","page","type-page","status-publish","hentry"],"_links":{"self":[{"href":"https:\/\/cavernaselsauce.com.ar\/index.php\/wp-json\/wp\/v2\/pages\/399","targetHints":{"allow":["GET"]}}],"collection":[{"href":"https:\/\/cavernaselsauce.com.ar\/index.php\/wp-json\/wp\/v2\/pages"}],"about":[{"href":"https:\/\/cavernaselsauce.com.ar\/index.php\/wp-json\/wp\/v2\/types\/page"}],"author":[{"embeddable":true,"href":"https:\/\/cavernaselsauce.com.ar\/index.php\/wp-json\/wp\/v2\/users\/3"}],"replies":[{"embeddable":true,"href":"https:\/\/cavernaselsauce.com.ar\/index.php\/wp-json\/wp\/v2\/comments?post=399"}],"version-history":[{"count":4,"href":"https:\/\/cavernaselsauce.com.ar\/index.php\/wp-json\/wp\/v2\/pages\/399\/revisions"}],"predecessor-version":[{"id":598,"href":"https:\/\/cavernaselsauce.com.ar\/index.php\/wp-json\/wp\/v2\/pages\/399\/revisions\/598"}],"wp:attachment":[{"href":"https:\/\/cavernaselsauce.com.ar\/index.php\/wp-json\/wp\/v2\/media?parent=399"}],"curies":[{"name":"wp","href":"https:\/\/api.w.org\/{rel}","templated":true}]}}