{"id":397,"date":"2021-01-15T14:47:50","date_gmt":"2021-01-15T14:47:50","guid":{"rendered":"http:\/\/cavernaselsauce.com.ar\/?page_id=397"},"modified":"2021-03-11T11:13:49","modified_gmt":"2021-03-11T11:13:49","slug":"la-caverne","status":"publish","type":"page","link":"https:\/\/cavernaselsauce.com.ar\/index.php\/fr\/la-caverne\/","title":{"rendered":"LA CAVERNE"},"content":{"rendered":"\n<p><\/p>\n\n\n\n<section id=\"section-02d1bf77-aae2-42bb-823a-198e2739d272\" class=\"wp-block-gutentor-advanced-columns gutentor-section gutentor-advanced-columns has-image-bg has-custom-bg has-gutentor-overlay\"><div class=\"grid-container\"><div class=\"grid-row\">\n<section id=\"section-adad121c-1180-45d0-b7fd-e406029168ee\" class=\"wp-block-gutentor-single-column gutentor-single-column  grid-lg-6 grid-md-12 grid-12\">\n<p><\/p>\n<\/section>\n\n\n\n<div id=\"section-01b6613a-277a-4392-8c3f-dcc839e356b2\" class=\"wp-block-gutentor-single-column gutentor-single-column  grid-lg-6 grid-md-12 grid-12 has-color-bg has-custom-bg\">\n<section id=\"section-6605aa6b-6ad6-4ee3-a9ec-2b08854de9ca\" class=\"wp-block-gutentor-content-box gutentor-section gutentor-content-box-wrapper content-template1\"><div class=\"grid-container gutentor-rm-ct-space\"><div class=\"grid-row gutentor-grid-item-wrap gutentor-rm-row-space\"><div class=\"gutentor-grid-column grid-lg-12 grid-md-12 grid-12 gutentor-rm-col-space\"><div class=\"gutentor-single-item gutentor-single-item-0\"><div class=\"gutentor-single-item-wrap\"><div class=\"gutentor-single-item-content\"><h3 class=\"gutentor-single-item-title\">LA CAVERNE<\/h3><p class=\"gutentor-single-item-desc\">Aux alentours de la ville de La Falda, au c\u0153ur des sommets de Cordoba on trouve l\u2019un des ph\u00e9nom\u00e8nes plus int\u00e9ressants de la g\u00e9ologie argentine : les cavernes \u00ab el Sauce \u00bb.Elles sont longues de 1000 m\u00e8tres environs, les plus \u00e9tendues de la province de Cordoba, et dou\u00e9es d\u2019une beaut\u00e9 extraordinaire. Cette grotte naturelle est bien am\u00e9nag\u00e9e pour y faire des visites guid\u00e9es, accessibles au grand publique ,curieux et passionn\u00e9s par le tourisme souterrain et ne requi\u00e8rent aucune comp\u00e9tence technique ou sportive particuli\u00e8re ; elles sont ouvertes aussi \u00e0 la sp\u00e9l\u00e9ologie et, bien s\u00fbr, \u00e0 l\u2019exploration scientifique. Cavernes \u00abel sauce\u00bb vous invite \u00e0 partager l\u2019aventure de d\u00e9couvrir les merveilles cach\u00e9es au centre de la terre, les parcourir, les admirer et d\u00e9voiler les secrets du monde souterrain, toujours surprenant et entour\u00e9 de myst\u00e8re.  <\/p><\/div><\/div><\/div><\/div><\/div><\/div><\/section>\n\n\n<\/div>\n<\/div><\/div><\/section>\n","protected":false},"excerpt":{"rendered":"","protected":false},"author":3,"featured_media":0,"parent":0,"menu_order":0,"comment_status":"closed","ping_status":"closed","template":"","meta":{"footnotes":""},"class_list":["post-397","page","type-page","status-publish","hentry"],"_links":{"self":[{"href":"https:\/\/cavernaselsauce.com.ar\/index.php\/wp-json\/wp\/v2\/pages\/397","targetHints":{"allow":["GET"]}}],"collection":[{"href":"https:\/\/cavernaselsauce.com.ar\/index.php\/wp-json\/wp\/v2\/pages"}],"about":[{"href":"https:\/\/cavernaselsauce.com.ar\/index.php\/wp-json\/wp\/v2\/types\/page"}],"author":[{"embeddable":true,"href":"https:\/\/cavernaselsauce.com.ar\/index.php\/wp-json\/wp\/v2\/users\/3"}],"replies":[{"embeddable":true,"href":"https:\/\/cavernaselsauce.com.ar\/index.php\/wp-json\/wp\/v2\/comments?post=397"}],"version-history":[{"count":3,"href":"https:\/\/cavernaselsauce.com.ar\/index.php\/wp-json\/wp\/v2\/pages\/397\/revisions"}],"predecessor-version":[{"id":597,"href":"https:\/\/cavernaselsauce.com.ar\/index.php\/wp-json\/wp\/v2\/pages\/397\/revisions\/597"}],"wp:attachment":[{"href":"https:\/\/cavernaselsauce.com.ar\/index.php\/wp-json\/wp\/v2\/media?parent=397"}],"curies":[{"name":"wp","href":"https:\/\/api.w.org\/{rel}","templated":true}]}}