{"id":395,"date":"2021-01-15T14:46:47","date_gmt":"2021-01-15T14:46:47","guid":{"rendered":"http:\/\/cavernaselsauce.com.ar\/?page_id=395"},"modified":"2022-08-11T04:22:34","modified_gmt":"2022-08-11T04:22:34","slug":"a-caverna","status":"publish","type":"page","link":"https:\/\/cavernaselsauce.com.ar\/index.php\/pt\/a-caverna\/","title":{"rendered":"A CAVERNA"},"content":{"rendered":"\r\n<p>&nbsp;<\/p>\r\n\r\n\r\n\r\n<section id=\"section-9903da3f-82ba-49c7-ac4b-b6448f85fb43\" class=\"wp-block-gutentor-advanced-columns gutentor-section gutentor-advanced-columns has-image-bg has-custom-bg has-gutentor-overlay\">\r\n<div class=\"grid-container\">\r\n<div class=\"grid-row\">\r\n<section id=\"section-e0e2cfe8-4315-49eb-9d36-390edcbbb7f5\" class=\"wp-block-gutentor-single-column gutentor-single-column  grid-lg-6 grid-md-12 grid-12\">\r\n<p>&nbsp;<\/p>\r\n<\/section>\r\n\r\n\r\n\r\n<div id=\"section-078e1b75-0153-405e-bb05-1203ae97fdcf\" class=\"wp-block-gutentor-single-column gutentor-single-column  grid-lg-6 grid-md-12 grid-12 has-color-bg has-custom-bg\">\r\n<section id=\"section-3ef0e74d-a283-4d37-9134-732c6c4fea7d\" class=\"wp-block-gutentor-content-box gutentor-section gutentor-content-box-wrapper content-template1\">\r\n<div class=\"grid-container gutentor-rm-ct-space\">\r\n<div class=\"grid-row gutentor-grid-item-wrap gutentor-rm-row-space\">\r\n<div class=\"gutentor-grid-column grid-lg-12 grid-md-12 grid-12 gutentor-rm-col-space\">\r\n<div class=\"gutentor-single-item gutentor-single-item-0\">\r\n<div class=\"gutentor-single-item-wrap\">\r\n<div class=\"gutentor-single-item-content\">\r\n<h3 class=\"gutentor-single-item-title\">A CAVERNA<\/h3>\r\n<p class=\"gutentor-single-item-desc\">Na cidade de La Falda, serra do C\u00f3rdoba, voc\u00ea pode encontrar um dos fen\u00f4menos mais interessantes da geologia Argentina: As Cavernas El Sauce, com um comprimento de cerca de 1000 metros \u00e9 a mais longa na prov\u00edncia de C\u00f3rdoba, e uma das maiores eventos da Rep\u00fablica da Argentina. Devido \u00e0s suas caracter\u00edsticas, esta caverna natural \u00e9 adequada para visitas guiadas especializado para o p\u00fablico em geral na forma de espeleologia modalidade, tamb\u00e9m como para aqueles interessados na investiga\u00e7\u00e3o cient\u00edfica e pr\u00e1tica de espeleologia. Devido \u00e0s suas caracter\u00edsticas, esta caverna natural \u00e9 adequada para visitas guiadas especializado para o p\u00fablico em geral na forma de espeleologia modalidade, tamb\u00e9m como para aqueles interessados na investiga\u00e7\u00e3o cient\u00edfica e pr\u00e1tica de espeleologia.<\/p>\r\n<\/div>\r\n<\/div>\r\n<\/div>\r\n<\/div>\r\n<\/div>\r\n<\/div>\r\n<\/section>\r\n\r\n\r\n<\/div>\r\n<\/div>\r\n<\/div>\r\n<\/section>\r\n","protected":false},"excerpt":{"rendered":"<p>&nbsp;<\/p>\n","protected":false},"author":3,"featured_media":593,"parent":0,"menu_order":0,"comment_status":"closed","ping_status":"closed","template":"","meta":{"footnotes":""},"class_list":["post-395","page","type-page","status-publish","has-post-thumbnail","hentry"],"_links":{"self":[{"href":"https:\/\/cavernaselsauce.com.ar\/index.php\/wp-json\/wp\/v2\/pages\/395","targetHints":{"allow":["GET"]}}],"collection":[{"href":"https:\/\/cavernaselsauce.com.ar\/index.php\/wp-json\/wp\/v2\/pages"}],"about":[{"href":"https:\/\/cavernaselsauce.com.ar\/index.php\/wp-json\/wp\/v2\/types\/page"}],"author":[{"embeddable":true,"href":"https:\/\/cavernaselsauce.com.ar\/index.php\/wp-json\/wp\/v2\/users\/3"}],"replies":[{"embeddable":true,"href":"https:\/\/cavernaselsauce.com.ar\/index.php\/wp-json\/wp\/v2\/comments?post=395"}],"version-history":[{"count":5,"href":"https:\/\/cavernaselsauce.com.ar\/index.php\/wp-json\/wp\/v2\/pages\/395\/revisions"}],"predecessor-version":[{"id":861,"href":"https:\/\/cavernaselsauce.com.ar\/index.php\/wp-json\/wp\/v2\/pages\/395\/revisions\/861"}],"wp:featuredmedia":[{"embeddable":true,"href":"https:\/\/cavernaselsauce.com.ar\/index.php\/wp-json\/wp\/v2\/media\/593"}],"wp:attachment":[{"href":"https:\/\/cavernaselsauce.com.ar\/index.php\/wp-json\/wp\/v2\/media?parent=395"}],"curies":[{"name":"wp","href":"https:\/\/api.w.org\/{rel}","templated":true}]}}