{"id":387,"date":"2021-03-16T14:36:00","date_gmt":"2021-03-16T14:36:00","guid":{"rendered":"http:\/\/cavernaselsauce.com.ar\/?page_id=387"},"modified":"2022-08-11T04:17:45","modified_gmt":"2022-08-11T04:17:45","slug":"die-hohle","status":"publish","type":"page","link":"https:\/\/cavernaselsauce.com.ar\/index.php\/de\/slider-5\/die-hohle\/","title":{"rendered":"DIE H\u00d6HLE"},"content":{"rendered":"\r\n<p id=\"tw-target-text\">Die El Sauce-H\u00f6hlen sind einer der Reicht\u00fcmer, die wir in unseren Cordoba-Bergen finden k\u00f6nnen. Sie sind eine der wenigen Formationen dieser Art, die f\u00fcr den Tourismus in unserem Land offen sind. Sebasti\u00e1n Ceballos, ein erfahrener H\u00f6hlenforscher, l\u00e4dt uns ein, seine Tiefen zu betreten und seine Geheimnisse zu entdecken.<\/p>\r\n\r\n\r\n\r\n<h2 class=\"wp-block-heading\" id=\"tw-target-text\">Eine kleine Geschichte<\/h2>\r\n\r\n\r\n\r\n<p id=\"tw-target-text\">In den fr\u00fchen 1960er Jahren wurde beim Graben eines Kalziumkarbonat-Steinbruchs eine H\u00f6hle entdeckt. Die Arbeit dauert jedoch einige Zeit an, wobei ein wichtiger Teil des Trainings durch die Wirkung der Maschinen zerst\u00f6rt wurde.<\/p>\r\n\r\n\r\n\r\n<p id=\"tw-target-text\">Zu Beginn der 80er Jahre f\u00fchrte die geringe Rentabilit\u00e4t der Bergbaut\u00e4tigkeit dazu, dass die Aktivit\u00e4ten im Steinbruch eingestellt wurden und ihre Verschlechterung aufh\u00f6rte. Von da an werden vier M\u00fcnder entdeckt, die die vier m\u00f6glichen Eing\u00e4nge darstellen, die wir heute haben.<\/p>\r\n\r\n\r\n\r\n<h2 class=\"wp-block-heading\" id=\"tw-target-text\">Was sind H\u00f6hlen?<\/h2>\r\n\r\n\r\n\r\n<p id=\"tw-target-text\">Eine H\u00f6hle ist ein Raum im Felsen, der miteinander verbunden ist und Galerien und R\u00e4ume bildet. Es gibt alle Arten von Mineralien: Salz, Gips, Eis usw. Dieser besteht aus Kalziumkarbonat.<\/p>\r\n\r\n\r\n\r\n<p id=\"tw-target-text\">Sie entstehen durch die Einwirkung von Regenwasser, das die Risse in den Felsen durchdringt, sie sehr langsam aufl\u00f6st und so unterirdische R\u00e4ume schafft. Im Laufe der Zeit werden sie wiederum durch das nat\u00fcrliche Ph\u00e4nomen des Niederschlags verziert, das Spel\u00e4otheme, dh Stalaktiten und Stalagmiten, zu einem beispiellosen Spektakel macht.<\/p>\r\n\r\n\r\n\r\n<p id=\"tw-target-text\">Sie haben eine stabile Temperatur, die dem Jahresdurchschnitt au\u00dferhalb des Ortes entspricht. In El Sauce schwankt es zwischen 13\u00ba und 14\u00ba mit einer Luftfeuchtigkeit von 96%. Es ist die l\u00e4ngste H\u00f6hle in der Provinz C\u00f3rdoba, es ist rund 1000 Meter. Die H\u00f6he variiert in den verschiedenen R\u00e4umen, aber der Abgrund (tiefster Punkt) ist 26 Meter vom Eingang entfernt. Die H\u00f6he der Decke erreicht zeitweise 8 Meter und ist teilweise sehr niedrig.<\/p>\r\n\r\n\r\n\r\n<p id=\"tw-target-text\">Sie sind \u00e4u\u00dferst aufschlussreiche R\u00e4ume im geologischen Bereich: Die Korallenriffe der H\u00f6hlen von El Sauce weisen beispielsweise Ringe in verschiedenen Farben auf, da sich drau\u00dfen in der Bodenschicht irgendwann W\u00e4lder befanden. Da es sich um ein wichtiges Forschungsgebiet handelt, arbeiten wir mit der Argentinischen Gesellschaft f\u00fcr Epeleologie von Buenos Aires zusammen, um ein \u00dcberwachungslabor in der H\u00f6hle einzurichten, das die Entwicklung von Mess- und Forschungsaufgaben erm\u00f6glicht, die mehr Daten \u00fcber unsere geologische Vergangenheit liefern.<\/p>\r\n\r\n\r\n\r\n<h2 class=\"wp-block-heading\" id=\"tw-target-text\">Kann diese H\u00f6hle durchquert werden?<\/h2>\r\n\r\n\r\n\r\n<p id=\"tw-target-text\">Ja. Nicht alle H\u00f6hlen sind f\u00fcr Ihren Besuch geeignet. Es gibt zum Beispiel H\u00f6hlen unter Wasser, die nur von Experten erkundet werden k\u00f6nnen. Wenn wir uns entscheiden, El Sauce zu betreten, m\u00fcssen wir wissen, dass es im Inneren v\u00f6llige Dunkelheit gibt und die R\u00e4ume manchmal sehr breit, aber manchmal sehr klein sind. Zu diesem Zweck wird eine spezielle Ausr\u00fcstung f\u00fcr die H\u00f6hle bereitgestellt, und ein F\u00fchrer begleitet die Besucher durch die Galerien.<\/p>\r\n\r\n\r\n\r\n<p id=\"tw-target-text\">F\u00fcr diejenigen, die noch nie die Erfahrung gemacht haben und diese Art von nat\u00fcrlichen Formationen kennenlernen m\u00f6chten, gibt es eine Grundschaltung von 45 Minuten. Aber diejenigen, die ein intensiveres Abenteuer wollen, werden in der Lage sein, f\u00fcr die meisten Besucher in zweieinhalb Stunden durch verborgene Orte abzusteigen.<\/p>\r\n\r\n\r\n\r\n<p id=\"tw-target-text\">Als ob das nicht genug w\u00e4re, gibt es auch die M\u00f6glichkeit, es Tag oder Nacht zu besuchen. Obwohl in der H\u00f6hle Dunkelheit herrscht, versichert der F\u00fchrer, dass die Nachttouren einen anderen Geschmack haben. In den H\u00f6hlen von El Sauce erwarten Sie ungeahnte Farben und Texturen. Wir laden Sie ein, Teil dieser wunderbaren Erfahrung zu sein.<\/p>\r\n","protected":false},"excerpt":{"rendered":"<p>Es ist ein magischer Ort, befindet sich in der Sierras de Cordoba, geduldig von der Natur \u00fcber Tausende von Jahren und heute gebaut Sie besuchen k\u00f6nnen<\/p>\n","protected":false},"author":3,"featured_media":600,"parent":393,"menu_order":0,"comment_status":"closed","ping_status":"closed","template":"","meta":{"footnotes":""},"class_list":["post-387","page","type-page","status-publish","has-post-thumbnail","hentry"],"_links":{"self":[{"href":"https:\/\/cavernaselsauce.com.ar\/index.php\/wp-json\/wp\/v2\/pages\/387","targetHints":{"allow":["GET"]}}],"collection":[{"href":"https:\/\/cavernaselsauce.com.ar\/index.php\/wp-json\/wp\/v2\/pages"}],"about":[{"href":"https:\/\/cavernaselsauce.com.ar\/index.php\/wp-json\/wp\/v2\/types\/page"}],"author":[{"embeddable":true,"href":"https:\/\/cavernaselsauce.com.ar\/index.php\/wp-json\/wp\/v2\/users\/3"}],"replies":[{"embeddable":true,"href":"https:\/\/cavernaselsauce.com.ar\/index.php\/wp-json\/wp\/v2\/comments?post=387"}],"version-history":[{"count":4,"href":"https:\/\/cavernaselsauce.com.ar\/index.php\/wp-json\/wp\/v2\/pages\/387\/revisions"}],"predecessor-version":[{"id":857,"href":"https:\/\/cavernaselsauce.com.ar\/index.php\/wp-json\/wp\/v2\/pages\/387\/revisions\/857"}],"up":[{"embeddable":true,"href":"https:\/\/cavernaselsauce.com.ar\/index.php\/wp-json\/wp\/v2\/pages\/393"}],"wp:featuredmedia":[{"embeddable":true,"href":"https:\/\/cavernaselsauce.com.ar\/index.php\/wp-json\/wp\/v2\/media\/600"}],"wp:attachment":[{"href":"https:\/\/cavernaselsauce.com.ar\/index.php\/wp-json\/wp\/v2\/media?parent=387"}],"curies":[{"name":"wp","href":"https:\/\/api.w.org\/{rel}","templated":true}]}}