{"id":385,"date":"2021-01-15T14:35:02","date_gmt":"2021-01-15T14:35:02","guid":{"rendered":"http:\/\/cavernaselsauce.com.ar\/?page_id=385"},"modified":"2021-03-11T11:35:54","modified_gmt":"2021-03-11T11:35:54","slug":"besuch-der-hole","status":"publish","type":"page","link":"https:\/\/cavernaselsauce.com.ar\/index.php\/de\/slider-5\/besuch-der-hole\/","title":{"rendered":"BESUCH DER H\u00d6LE"},"content":{"rendered":"\n<p>Ich lebte ein einzigartiges Erlebnis in einer unber\u00fchrten, nat\u00fcrlichen Umgebung, entdeckte ich eine \u00fcberzeugende und geheimnisvolle unterirdische Welt, wo die Zeit still steht und Stille f\u00fcllt alle R\u00e4ume<\/p>\n","protected":false},"excerpt":{"rendered":"<p>Ich lebte ein einzigartiges Erlebnis in einer unber\u00fchrten, nat\u00fcrlichen Umgebung, entdeckte ich eine \u00fcberzeugende und geheimnisvolle unterirdische Welt, wo die Zeit still steht und Stille f\u00fcllt alle R\u00e4ume<\/p>\n","protected":false},"author":3,"featured_media":601,"parent":393,"menu_order":0,"comment_status":"closed","ping_status":"closed","template":"","meta":{"footnotes":""},"class_list":["post-385","page","type-page","status-publish","has-post-thumbnail","hentry"],"_links":{"self":[{"href":"https:\/\/cavernaselsauce.com.ar\/index.php\/wp-json\/wp\/v2\/pages\/385","targetHints":{"allow":["GET"]}}],"collection":[{"href":"https:\/\/cavernaselsauce.com.ar\/index.php\/wp-json\/wp\/v2\/pages"}],"about":[{"href":"https:\/\/cavernaselsauce.com.ar\/index.php\/wp-json\/wp\/v2\/types\/page"}],"author":[{"embeddable":true,"href":"https:\/\/cavernaselsauce.com.ar\/index.php\/wp-json\/wp\/v2\/users\/3"}],"replies":[{"embeddable":true,"href":"https:\/\/cavernaselsauce.com.ar\/index.php\/wp-json\/wp\/v2\/comments?post=385"}],"version-history":[{"count":1,"href":"https:\/\/cavernaselsauce.com.ar\/index.php\/wp-json\/wp\/v2\/pages\/385\/revisions"}],"predecessor-version":[{"id":386,"href":"https:\/\/cavernaselsauce.com.ar\/index.php\/wp-json\/wp\/v2\/pages\/385\/revisions\/386"}],"up":[{"embeddable":true,"href":"https:\/\/cavernaselsauce.com.ar\/index.php\/wp-json\/wp\/v2\/pages\/393"}],"wp:featuredmedia":[{"embeddable":true,"href":"https:\/\/cavernaselsauce.com.ar\/index.php\/wp-json\/wp\/v2\/media\/601"}],"wp:attachment":[{"href":"https:\/\/cavernaselsauce.com.ar\/index.php\/wp-json\/wp\/v2\/media?parent=385"}],"curies":[{"name":"wp","href":"https:\/\/api.w.org\/{rel}","templated":true}]}}