{"id":383,"date":"2021-03-16T14:33:00","date_gmt":"2021-03-16T14:33:00","guid":{"rendered":"http:\/\/cavernaselsauce.com.ar\/?page_id=383"},"modified":"2022-08-11T04:15:39","modified_gmt":"2022-08-11T04:15:39","slug":"la-caverne","status":"publish","type":"page","link":"https:\/\/cavernaselsauce.com.ar\/index.php\/fr\/slider-4\/la-caverne\/","title":{"rendered":"LA CAVERNE"},"content":{"rendered":"\r\n<p>Les cavernes d&#8217;El Sauce sont l&#8217;une des richesses que l&#8217;on peut trouver dans nos montagnes de Cordoue, \u00e9tant l&#8217;une des rares formations de ce type ouvertes au tourisme dans notre pays. Sebasti\u00e1n Ceballos, expert en sp\u00e9l\u00e9ologue, nous invite \u00e0 entrer dans ses profondeurs et \u00e0 d\u00e9couvrir ses secrets.<\/p>\r\n\r\n\r\n\r\n<h2 class=\"wp-block-heading\">Un peu d&#8217;histoire<\/h2>\r\n\r\n\r\n\r\n<p>Au d\u00e9but des ann\u00e9es 1960, en creusant une carri\u00e8re de carbonate de calcium, une caverne a \u00e9t\u00e9 d\u00e9couverte. Cependant, le travail continue pendant un certain temps, pour lequel une partie importante de la formation a \u00e9t\u00e9 d\u00e9truite par l&#8217;action des machines.<\/p>\r\n\r\n\r\n\r\n<p>Au d\u00e9but des ann\u00e9es 80, la faible rentabilit\u00e9 de l&#8217;activit\u00e9 mini\u00e8re a fait cesser les activit\u00e9s de la carri\u00e8re, cessant leur d\u00e9t\u00e9rioration. D\u00e8s lors, on d\u00e9couvre quatre bouches qui constituent les quatre entr\u00e9es possibles que nous avons aujourd&#8217;hui.<\/p>\r\n\r\n\r\n\r\n<h2 class=\"wp-block-heading\">Que sont les cavernes?<\/h2>\r\n\r\n\r\n\r\n<p>Une caverne est un espace dans la roche, qui est interconnect\u00e9 formant des galeries et des salles. Il existe toutes sortes de min\u00e9raux: sel, pl\u00e2tre, glace, etc. Celui-ci est fait de carbonate de calcium.<\/p>\r\n\r\n\r\n\r\n<p>Ils sont form\u00e9s par l&#8217;action de l&#8217;eau de pluie, qui p\u00e9n\u00e8tre dans les fissures des roches, les dissout tr\u00e8s lentement, cr\u00e9ant ainsi des espaces souterrains. \u00c0 leur tour, au fil du temps, ils sont orn\u00e9s du ph\u00e9nom\u00e8ne naturel des pr\u00e9cipitations, qui configure les sp\u00e9l\u00e9oth\u00e8mes, c&#8217;est-\u00e0-dire les stalactites et les stalagmites, un spectacle sans pareil.<\/p>\r\n\r\n\r\n\r\n<p>Ils ont une temp\u00e9rature stable qui est la moyenne annuelle \u00e0 l&#8217;ext\u00e9rieur du lieu; Dans El Sauce, il oscille entre 13\u00ba et 14\u00ba, avec une humidit\u00e9 qui atteint 96%. C&#8217;est la plus longue caverne de la province de Cordoue, elle mesure environ 1000 m\u00e8tres. La hauteur varie dans ses diff\u00e9rentes pi\u00e8ces, mais le gouffre (point le plus profond) est \u00e0 26 m\u00e8tres de l&#8217;entr\u00e9e. La hauteur du plafond atteint parfois 8 m\u00e8tres, et dans certaines parties, elle est tr\u00e8s faible.<\/p>\r\n\r\n\r\n\r\n<p>Ce sont des espaces extr\u00eamement r\u00e9v\u00e9lateurs dans le domaine g\u00e9ologique: les r\u00e9cifs coralliens des grottes d&#8217;El Sauce, par exemple, pr\u00e9sentent des anneaux de couleurs diff\u00e9rentes, car \u00e0 l&#8217;ext\u00e9rieur, dans la couche de sol, il y avait des for\u00eats \u00e0 un moment donn\u00e9. Comme il s&#8217;agit d&#8217;un domaine d&#8217;\u00e9tude important, nous travaillons avec la Soci\u00e9t\u00e9 argentine d&#8217;\u00e9p\u00e9l\u00e9ologie de Buenos Aires pour installer un laboratoire de surveillance dans la caverne, ce qui permettra le d\u00e9veloppement de t\u00e2ches de mesure et de recherche qui fourniront plus de donn\u00e9es sur notre pass\u00e9 g\u00e9ologique.<\/p>\r\n\r\n\r\n\r\n<h2 class=\"wp-block-heading\">Cette grotte peut-elle \u00eatre travers\u00e9e?<\/h2>\r\n\r\n\r\n\r\n<p>Oui, toutes les grottes ne conviennent pas \u00e0 votre visite. Il y a, par exemple, des cavernes sous l&#8217;eau qui ne peuvent \u00eatre explor\u00e9es que par des experts. Si nous d\u00e9cidons d&#8217;entrer dans El Sauce, il faut savoir qu&#8217;il y a une obscurit\u00e9 totale \u00e0 l&#8217;int\u00e9rieur, et que les espaces sont parfois tr\u00e8s larges, mais parfois tr\u00e8s petits. Pour cela, un \u00e9quipement sp\u00e9cial est pr\u00e9vu pour la sp\u00e9l\u00e9ologie, et un guide accompagne les visiteurs \u00e0 travers ses galeries.<\/p>\r\n\r\n\r\n\r\n<p>Pour ceux qui n&#8217;ont jamais eu l&#8217;exp\u00e9rience et qui veulent conna\u00eetre ce type de formations naturelles, il existe un circuit de base de 45 minutes. Mais ceux qui veulent une aventure plus intense, pourront descendre \u00e0 travers des endroits cach\u00e9s pour la plupart des visiteurs, dans un circuit de deux heures et demie.<\/p>\r\n\r\n\r\n\r\n<p>Comme si cela ne suffisait pas, il y a aussi la possibilit\u00e9 de le visiter de jour comme de nuit. Bien que l&#8217;obscurit\u00e9 r\u00e8gne \u00e0 l&#8217;int\u00e9rieur de la caverne, le guide assure que les visites nocturnes ont une saveur diff\u00e9rente. Des couleurs et des textures inimaginables vous attendent \u00e0 l&#8217;int\u00e9rieur des cavernes d&#8217;El Sauce; Nous vous invitons \u00e0 faire partie de cette merveilleuse exp\u00e9rience.<\/p>\r\n","protected":false},"excerpt":{"rendered":"<p>Il est un lieu magique situ\u00e9 dans la Sierra de Cordoba, patiemment construite par la nature depuis des milliers d&#8217;ann\u00e9es et aujourd&#8217;hui, vous pouvez visiter<\/p>\n","protected":false},"author":3,"featured_media":600,"parent":391,"menu_order":0,"comment_status":"closed","ping_status":"closed","template":"","meta":{"footnotes":""},"class_list":["post-383","page","type-page","status-publish","has-post-thumbnail","hentry"],"_links":{"self":[{"href":"https:\/\/cavernaselsauce.com.ar\/index.php\/wp-json\/wp\/v2\/pages\/383","targetHints":{"allow":["GET"]}}],"collection":[{"href":"https:\/\/cavernaselsauce.com.ar\/index.php\/wp-json\/wp\/v2\/pages"}],"about":[{"href":"https:\/\/cavernaselsauce.com.ar\/index.php\/wp-json\/wp\/v2\/types\/page"}],"author":[{"embeddable":true,"href":"https:\/\/cavernaselsauce.com.ar\/index.php\/wp-json\/wp\/v2\/users\/3"}],"replies":[{"embeddable":true,"href":"https:\/\/cavernaselsauce.com.ar\/index.php\/wp-json\/wp\/v2\/comments?post=383"}],"version-history":[{"count":3,"href":"https:\/\/cavernaselsauce.com.ar\/index.php\/wp-json\/wp\/v2\/pages\/383\/revisions"}],"predecessor-version":[{"id":855,"href":"https:\/\/cavernaselsauce.com.ar\/index.php\/wp-json\/wp\/v2\/pages\/383\/revisions\/855"}],"up":[{"embeddable":true,"href":"https:\/\/cavernaselsauce.com.ar\/index.php\/wp-json\/wp\/v2\/pages\/391"}],"wp:featuredmedia":[{"embeddable":true,"href":"https:\/\/cavernaselsauce.com.ar\/index.php\/wp-json\/wp\/v2\/media\/600"}],"wp:attachment":[{"href":"https:\/\/cavernaselsauce.com.ar\/index.php\/wp-json\/wp\/v2\/media?parent=383"}],"curies":[{"name":"wp","href":"https:\/\/api.w.org\/{rel}","templated":true}]}}