{"id":381,"date":"2021-02-16T14:32:00","date_gmt":"2021-02-16T14:32:00","guid":{"rendered":"http:\/\/cavernaselsauce.com.ar\/?page_id=381"},"modified":"2021-03-16T23:37:32","modified_gmt":"2021-03-16T23:37:32","slug":"visite-de-la-caverne","status":"publish","type":"page","link":"https:\/\/cavernaselsauce.com.ar\/index.php\/fr\/slider-4\/visite-de-la-caverne\/","title":{"rendered":"VISITE DE LA CAVERNE"},"content":{"rendered":"\n<p>J&#8217;ai v\u00e9cu une exp\u00e9rience unique dans un environnement naturel pr\u00e9serv\u00e9, je d\u00e9couvre un monde souterrain irr\u00e9sistible et myst\u00e9rieuse, o\u00f9 le temps est toujours debout et le silence remplit tous les espaces<\/p>\n","protected":false},"excerpt":{"rendered":"<p>J&#8217;ai v\u00e9cu une exp\u00e9rience unique dans un environnement naturel pr\u00e9serv\u00e9, je d\u00e9couvre un monde souterrain irr\u00e9sistible et myst\u00e9rieuse, o\u00f9 le temps est toujours debout et le silence remplit tous les espaces<\/p>\n","protected":false},"author":3,"featured_media":601,"parent":391,"menu_order":0,"comment_status":"closed","ping_status":"closed","template":"","meta":{"footnotes":""},"class_list":["post-381","page","type-page","status-publish","has-post-thumbnail","hentry"],"_links":{"self":[{"href":"https:\/\/cavernaselsauce.com.ar\/index.php\/wp-json\/wp\/v2\/pages\/381","targetHints":{"allow":["GET"]}}],"collection":[{"href":"https:\/\/cavernaselsauce.com.ar\/index.php\/wp-json\/wp\/v2\/pages"}],"about":[{"href":"https:\/\/cavernaselsauce.com.ar\/index.php\/wp-json\/wp\/v2\/types\/page"}],"author":[{"embeddable":true,"href":"https:\/\/cavernaselsauce.com.ar\/index.php\/wp-json\/wp\/v2\/users\/3"}],"replies":[{"embeddable":true,"href":"https:\/\/cavernaselsauce.com.ar\/index.php\/wp-json\/wp\/v2\/comments?post=381"}],"version-history":[{"count":1,"href":"https:\/\/cavernaselsauce.com.ar\/index.php\/wp-json\/wp\/v2\/pages\/381\/revisions"}],"predecessor-version":[{"id":382,"href":"https:\/\/cavernaselsauce.com.ar\/index.php\/wp-json\/wp\/v2\/pages\/381\/revisions\/382"}],"up":[{"embeddable":true,"href":"https:\/\/cavernaselsauce.com.ar\/index.php\/wp-json\/wp\/v2\/pages\/391"}],"wp:featuredmedia":[{"embeddable":true,"href":"https:\/\/cavernaselsauce.com.ar\/index.php\/wp-json\/wp\/v2\/media\/601"}],"wp:attachment":[{"href":"https:\/\/cavernaselsauce.com.ar\/index.php\/wp-json\/wp\/v2\/media?parent=381"}],"curies":[{"name":"wp","href":"https:\/\/api.w.org\/{rel}","templated":true}]}}