{"id":379,"date":"2021-03-16T14:30:00","date_gmt":"2021-03-16T14:30:00","guid":{"rendered":"http:\/\/cavernaselsauce.com.ar\/?page_id=379"},"modified":"2022-08-11T04:35:30","modified_gmt":"2022-08-11T04:35:30","slug":"a-caverna","status":"publish","type":"page","link":"https:\/\/cavernaselsauce.com.ar\/index.php\/pt\/slider-3\/a-caverna\/","title":{"rendered":"A CAVERNA"},"content":{"rendered":"<p>As cavernas de El Sauce s\u00e3o uma das riquezas que podemos encontrar em nossas montanhas de C\u00f3rdoba, sendo uma das poucas forma\u00e7\u00f5es deste tipo abertas ao turismo em nosso pa\u00eds. Sebasti\u00e1n Ceballos, espele\u00f3logo especialista, nos convida a entrar em suas profundezas e descobrir seus segredos.<\/p>\r\n<p><!-- \/wp:post-content --><\/p>\r\n<p><!-- wp:heading --><\/p>\r\n<h2>Um pouco de hist\u00f3ria<\/h2>\r\n<p><!-- \/wp:heading --><\/p>\r\n<p><!-- wp:paragraph --><\/p>\r\n<p>No in\u00edcio dos anos 1960, cavando uma pedreira de carbonato de c\u00e1lcio, uma caverna foi descoberta. Por\u00e9m, o trabalho continua por um bom tempo, para o qual uma parte importante do treinamento foi destru\u00edda pela a\u00e7\u00e3o das m\u00e1quinas.<\/p>\r\n<p>No in\u00edcio dos anos 80, a baixa rentabilidade da atividade mineira fez com que as atividades na pedreira fossem encerradas, cessando a sua deteriora\u00e7\u00e3o. A partir da\u00ed, descobrem-se quatro bocas que constituem as quatro entradas poss\u00edveis que temos hoje.<\/p>\r\n<h2>O que s\u00e3o cavernas?<\/h2>\r\n<p>Uma caverna \u00e9 um espa\u00e7o na rocha, que se interconecta formando galerias e salas. Existem todos os tipos de minerais: sal, gesso, gelo, etc. Este \u00e9 feito de carbonato de c\u00e1lcio.<\/p>\r\n<p><!-- \/wp:paragraph --><\/p>\r\n<p><!-- wp:paragraph --><\/p>\r\n<p>S\u00e3o formados pela a\u00e7\u00e3o da \u00e1gua da chuva, que penetra nas fendas das rochas, dissolvendo-as muito lentamente, criando espa\u00e7os subterr\u00e2neos. Por sua vez, com o passar do tempo, s\u00e3o ornamentadas pelo fen\u00f4meno natural da precipita\u00e7\u00e3o, que configura espeleotemas, ou seja, estalactites e estalagmites, um espet\u00e1culo \u00edmpar.<\/p>\r\n<p>Eles t\u00eam uma temperatura est\u00e1vel que \u00e9 a m\u00e9dia anual fora do local; Em El Sauce oscila entre 13\u00ba e 14\u00ba, com uma umidade que chega a 96%. \u00c9 a maior caverna da prov\u00edncia de C\u00f3rdoba, tem cerca de 1000 metros. A altura varia nas diferentes salas, mas o abismo (ponto mais profundo) fica a 26 metros da entrada. A altura do teto \u00e0s vezes chega a 8 metros, e em algumas partes \u00e9 muito baixa.<\/p>\r\n<p>S\u00e3o espa\u00e7os extremamente reveladores no campo geol\u00f3gico: os recifes de coral das cavernas de El Sauce, por exemplo, apresentam an\u00e9is de cores diferentes, porque fora, na camada de solo, havia florestas em algum ponto. Por ser um importante campo de estudo, estamos trabalhando em conjunto com a Sociedade Argentina de Epeleologia de Buenos Aires para instalar um laborat\u00f3rio de monitoramento na caverna, o que permitir\u00e1 o desenvolvimento de tarefas de medi\u00e7\u00e3o e pesquisa que fornecer\u00e3o mais dados sobre nosso passado geol\u00f3gico.<\/p>\r\n<h2>Esta caverna pode ser atravessada?<\/h2>\r\n<p>Sim. Nem todas as cavernas s\u00e3o adequadas para sua visita. Existem, por exemplo, cavernas subaqu\u00e1ticas que s\u00f3 podem ser exploradas por especialistas. Se decidirmos entrar em El Sauce, devemos saber que h\u00e1 escurid\u00e3o total dentro, e os espa\u00e7os \u00e0s vezes s\u00e3o muito amplos, mas \u00e0s vezes muito pequenos. Para isso, s\u00e3o disponibilizados equipamentos especiais de espeleologia e um guia acompanha os visitantes pelas galerias.<\/p>\r\n<p>Para quem nunca teve a experi\u00eancia e quer conhecer este tipo de forma\u00e7\u00f5es naturais, existe um circuito b\u00e1sico de 45 minutos. Mas quem quiser uma aventura mais intensa, poder\u00e1 descer por lugares escondidos para a maioria dos visitantes, em um circuito de duas horas e meia.<\/p>\r\n<p>Como se n\u00e3o bastasse, existe tamb\u00e9m a possibilidade de visit\u00e1-lo de dia ou de noite. Embora a escurid\u00e3o reine dentro da caverna, o guia garante que os passeios noturnos t\u00eam um sabor diferente. Cores e texturas inimagin\u00e1veis \u200b\u200besperam por voc\u00ea dentro das cavernas El Sauce; Convidamos voc\u00ea a fazer parte dessa experi\u00eancia maravilhosa.<\/p>\r\n<!-- wp:paragraph -->\r\n<p>&nbsp;<\/p>\r\n<!-- \/wp:paragraph -->","protected":false},"excerpt":{"rendered":"<p>\u00c9 um lugar m\u00e1gico situado nas serras de C\u00f3rdoba, construiu pacientemente pela natureza ao longo de milhares de anos e hoje voc\u00ea pode visitar<\/p>\n","protected":false},"author":3,"featured_media":600,"parent":389,"menu_order":0,"comment_status":"closed","ping_status":"closed","template":"","meta":{"footnotes":""},"class_list":["post-379","page","type-page","status-publish","has-post-thumbnail","hentry"],"_links":{"self":[{"href":"https:\/\/cavernaselsauce.com.ar\/index.php\/wp-json\/wp\/v2\/pages\/379","targetHints":{"allow":["GET"]}}],"collection":[{"href":"https:\/\/cavernaselsauce.com.ar\/index.php\/wp-json\/wp\/v2\/pages"}],"about":[{"href":"https:\/\/cavernaselsauce.com.ar\/index.php\/wp-json\/wp\/v2\/types\/page"}],"author":[{"embeddable":true,"href":"https:\/\/cavernaselsauce.com.ar\/index.php\/wp-json\/wp\/v2\/users\/3"}],"replies":[{"embeddable":true,"href":"https:\/\/cavernaselsauce.com.ar\/index.php\/wp-json\/wp\/v2\/comments?post=379"}],"version-history":[{"count":6,"href":"https:\/\/cavernaselsauce.com.ar\/index.php\/wp-json\/wp\/v2\/pages\/379\/revisions"}],"predecessor-version":[{"id":865,"href":"https:\/\/cavernaselsauce.com.ar\/index.php\/wp-json\/wp\/v2\/pages\/379\/revisions\/865"}],"up":[{"embeddable":true,"href":"https:\/\/cavernaselsauce.com.ar\/index.php\/wp-json\/wp\/v2\/pages\/389"}],"wp:featuredmedia":[{"embeddable":true,"href":"https:\/\/cavernaselsauce.com.ar\/index.php\/wp-json\/wp\/v2\/media\/600"}],"wp:attachment":[{"href":"https:\/\/cavernaselsauce.com.ar\/index.php\/wp-json\/wp\/v2\/media?parent=379"}],"curies":[{"name":"wp","href":"https:\/\/api.w.org\/{rel}","templated":true}]}}