{"id":377,"date":"2021-01-15T14:29:26","date_gmt":"2021-01-15T14:29:26","guid":{"rendered":"http:\/\/cavernaselsauce.com.ar\/?page_id=377"},"modified":"2021-03-11T11:34:56","modified_gmt":"2021-03-11T11:34:56","slug":"visita-a-caverna","status":"publish","type":"page","link":"https:\/\/cavernaselsauce.com.ar\/index.php\/pt\/slider-3\/visita-a-caverna\/","title":{"rendered":"VISITA \u00c0 CAVERNA"},"content":{"rendered":"\n<p>Eu vivi uma experi\u00eancia \u00fanica em um ambiente limpo, natural, eu descobri um mundo subterr\u00e2neo atraente e misterioso, onde o tempo p\u00e1ra eo sil\u00eancio preenche todos os espa\u00e7os<\/p>\n","protected":false},"excerpt":{"rendered":"<p>Eu vivi uma experi\u00eancia \u00fanica em um ambiente limpo, natural, eu descobri um mundo subterr\u00e2neo atraente e misterioso, onde o tempo p\u00e1ra eo sil\u00eancio preenche todos os espa\u00e7os<\/p>\n","protected":false},"author":3,"featured_media":601,"parent":389,"menu_order":0,"comment_status":"closed","ping_status":"closed","template":"","meta":{"footnotes":""},"class_list":["post-377","page","type-page","status-publish","has-post-thumbnail","hentry"],"_links":{"self":[{"href":"https:\/\/cavernaselsauce.com.ar\/index.php\/wp-json\/wp\/v2\/pages\/377","targetHints":{"allow":["GET"]}}],"collection":[{"href":"https:\/\/cavernaselsauce.com.ar\/index.php\/wp-json\/wp\/v2\/pages"}],"about":[{"href":"https:\/\/cavernaselsauce.com.ar\/index.php\/wp-json\/wp\/v2\/types\/page"}],"author":[{"embeddable":true,"href":"https:\/\/cavernaselsauce.com.ar\/index.php\/wp-json\/wp\/v2\/users\/3"}],"replies":[{"embeddable":true,"href":"https:\/\/cavernaselsauce.com.ar\/index.php\/wp-json\/wp\/v2\/comments?post=377"}],"version-history":[{"count":1,"href":"https:\/\/cavernaselsauce.com.ar\/index.php\/wp-json\/wp\/v2\/pages\/377\/revisions"}],"predecessor-version":[{"id":378,"href":"https:\/\/cavernaselsauce.com.ar\/index.php\/wp-json\/wp\/v2\/pages\/377\/revisions\/378"}],"up":[{"embeddable":true,"href":"https:\/\/cavernaselsauce.com.ar\/index.php\/wp-json\/wp\/v2\/pages\/389"}],"wp:featuredmedia":[{"embeddable":true,"href":"https:\/\/cavernaselsauce.com.ar\/index.php\/wp-json\/wp\/v2\/media\/601"}],"wp:attachment":[{"href":"https:\/\/cavernaselsauce.com.ar\/index.php\/wp-json\/wp\/v2\/media?parent=377"}],"curies":[{"name":"wp","href":"https:\/\/api.w.org\/{rel}","templated":true}]}}