{"id":313,"date":"2021-01-15T12:46:25","date_gmt":"2021-01-15T12:46:25","guid":{"rendered":"http:\/\/cavernaselsauce.com.ar\/?page_id=313"},"modified":"2021-12-14T03:50:46","modified_gmt":"2021-12-14T03:50:46","slug":"la-caverna","status":"publish","type":"page","link":"https:\/\/cavernaselsauce.com.ar\/index.php\/la-caverna\/","title":{"rendered":"La caverna"},"content":{"rendered":"\r\n<p>&nbsp;<\/p>\r\n\r\n\r\n\r\n<section id=\"section-1610ef69-538f-4739-a897-c098a3075816\" class=\"wp-block-gutentor-advanced-columns gutentor-section gutentor-advanced-columns has-image-bg has-custom-bg has-gutentor-overlay\">\r\n<div class=\"grid-container\">\r\n<div class=\"grid-row\">\r\n<section id=\"section-9a69d655-1a0e-4d48-93bf-81f94ae417a6\" class=\"wp-block-gutentor-single-column gutentor-single-column  grid-lg-6 grid-md-12 grid-12\"><\/section>\r\n\r\n\r\n\r\n<div id=\"section-fbeffe86-ef59-42cd-a141-945a4d9988e6\" class=\"wp-block-gutentor-single-column gutentor-single-column  grid-lg-6 grid-md-12 grid-12 has-color-bg has-custom-bg\">\r\n<section id=\"section-438d8c78-7d26-4952-904a-5ad7637504bc\" class=\"wp-block-gutentor-content-box gutentor-section gutentor-content-box-wrapper content-template1\">\r\n<div class=\"grid-container\">\r\n<div class=\"grid-row gutentor-grid-item-wrap\">\r\n<div class=\"gutentor-grid-column grid-lg-12 grid-md-12 grid-12\">\r\n<div class=\"gutentor-single-item gutentor-single-item-0\">\r\n<div class=\"gutentor-single-item-wrap\">\r\n<div class=\"gutentor-single-item-content\">\r\n<h3 class=\"gutentor-single-item-title\">La Caverna<\/h3>\r\n<p class=\"gutentor-single-item-desc\">En la localidad de La Falda, sierras de C\u00f3rdoba, se encuentra uno de los fen\u00f3menos m\u00e1s interesantes de la geolog\u00eda Argentina: las Cavernas El Sauce, que con una longitud de aproximadamente 1000 metros es la m\u00e1s larga de la provincia. Por sus caracter\u00edsticas, es apta para realizar visitas con gu\u00eda especializado para el p\u00fablico en general bajo la modalidad de espeleoturismo, como as\u00ed tambi\u00e9n para aquellos interesados en la investigaci\u00f3n cient\u00edfica, y la pr\u00e1ctica del espele\u00edsmo. Cavernas El Sauce te invita a vivir la experiencia de caminar por las profundidades de la tierra, recorrerla, admirarla y descubrir sus secretos, un mundo subterr\u00e1neo apasionante y maravilloso lleno de encanto y misterio.<\/p>\r\n<\/div>\r\n<\/div>\r\n<\/div>\r\n<\/div>\r\n<\/div>\r\n<\/div>\r\n<\/section>\r\n<\/div>\r\n<\/div>\r\n<\/div>\r\n<\/section>\r\n","protected":false},"excerpt":{"rendered":"<p>&nbsp;<\/p>\n","protected":false},"author":3,"featured_media":815,"parent":0,"menu_order":0,"comment_status":"closed","ping_status":"closed","template":"","meta":{"footnotes":""},"class_list":["post-313","page","type-page","status-publish","has-post-thumbnail","hentry"],"_links":{"self":[{"href":"https:\/\/cavernaselsauce.com.ar\/index.php\/wp-json\/wp\/v2\/pages\/313","targetHints":{"allow":["GET"]}}],"collection":[{"href":"https:\/\/cavernaselsauce.com.ar\/index.php\/wp-json\/wp\/v2\/pages"}],"about":[{"href":"https:\/\/cavernaselsauce.com.ar\/index.php\/wp-json\/wp\/v2\/types\/page"}],"author":[{"embeddable":true,"href":"https:\/\/cavernaselsauce.com.ar\/index.php\/wp-json\/wp\/v2\/users\/3"}],"replies":[{"embeddable":true,"href":"https:\/\/cavernaselsauce.com.ar\/index.php\/wp-json\/wp\/v2\/comments?post=313"}],"version-history":[{"count":9,"href":"https:\/\/cavernaselsauce.com.ar\/index.php\/wp-json\/wp\/v2\/pages\/313\/revisions"}],"predecessor-version":[{"id":818,"href":"https:\/\/cavernaselsauce.com.ar\/index.php\/wp-json\/wp\/v2\/pages\/313\/revisions\/818"}],"wp:featuredmedia":[{"embeddable":true,"href":"https:\/\/cavernaselsauce.com.ar\/index.php\/wp-json\/wp\/v2\/media\/815"}],"wp:attachment":[{"href":"https:\/\/cavernaselsauce.com.ar\/index.php\/wp-json\/wp\/v2\/media?parent=313"}],"curies":[{"name":"wp","href":"https:\/\/api.w.org\/{rel}","templated":true}]}}