{"id":302,"date":"2021-01-15T12:22:16","date_gmt":"2021-01-15T12:22:16","guid":{"rendered":"http:\/\/cavernaselsauce.com.ar\/?page_id=302"},"modified":"2021-12-13T21:16:27","modified_gmt":"2021-12-13T21:16:27","slug":"visita-a-la-caverna","status":"publish","type":"page","link":"https:\/\/cavernaselsauce.com.ar\/index.php\/slider\/visita-a-la-caverna\/","title":{"rendered":"VISITA A LA CAVERNA"},"content":{"rendered":"\r\n<h3 class=\"wp-block-heading\">Visita a la caverna<\/h3>\r\n\r\n\r\n\r\n<p>Con una duraci\u00f3n de una hora y quince minutos aproximadamente, y un recorrido de dificultad media, tu visita a la caverna se transformar\u00e1 en una experiencia inolvidable.<br \/><br \/>Una vez vestido con el overol, el casco con luces y los guantes (todo provisto por nosotros), iniciar\u00e1s el recorrido ingresando a la caverna con los gu\u00edas que te acompa\u00f1ar\u00e1n durante todo el tiempo. Llegar\u00e1s a un lugar dentro de la caverna que tendr\u00e1 por objeto la adaptaci\u00f3n a la oscuridad total reinante, y luego de unos minutos estar\u00e1s listo para emprender la aventura.<br \/><br \/>Visitar\u00e1s las distintas salas que componen la caverna, algunas de ellas de gran tama\u00f1o. Ver\u00e1s las formaciones que caprichosamente el agua y el tiempo fueron formando por miles de a\u00f1os, pasar\u00e1s por la sala de las fluorescencias, entrar\u00e1s en la gran sala de la llave con su color tan particular y te admirar\u00e1s con elititas y calcretes en formaci\u00f3n desafiando las leyes de gravedad . En el final del recorrido, una diaclasa gigante indicar\u00e1 la chimenea que te llevar\u00e1 a la salida.<br \/><br \/>Preparate para gozar de esta vivencia \u00fanica, nuestros gu\u00edas especializados aportar\u00e1n sus conocimientos y experiencia para que conozcas los secretos que emanan de las entra\u00f1as de la tierra. Descubr\u00ed un lugar \u00fanico, descubr\u00ed Cavernas El Sauce.<br \/><br \/>TOPOGRAF\u00cdA DE LA CAVERNA Y RECORRIDO<br \/><br \/>Haga click en la imagen para ver el plano de la caverna<\/p>\r\n\r\n\r\n\r\n<div id=\"section-ga97f51\" class=\"wp-block-gutentor-e6 section-ga97f51 gutentor-element gutentor-element-image\">\r\n<div class=\"gutentor-element-image-box\">\r\n<div class=\"gutentor-image-thumb\"><img decoding=\"async\" class=\"normal-image\" src=\"https:\/\/cavernaselsauce.com.ar\/wp-content\/uploads\/2021\/05\/topografia-las-cavernas-los-sauces.jpg\" alt=\"Cavernas Los Sauces\" \/><\/div>\r\n<\/div>\r\n<\/div>\r\n\r\n\r\n\r\n<h3 class=\"wp-block-heading\">INFORMACI\u00d3N IMPORTANTE<\/h3>\r\n\r\n\r\n\r\n<ul class=\"wp-block-list\">\r\n<li>No es apto para claustrof\u00f3bicos, ya que entramos en un lugar totalmente oscuro y pasamos por espacios semiconfinados.<\/li>\r\n<li>No recomendado a personas con un tama\u00f1o corporal grande. En ciertas partes tenemos que andar agachados, no se puede andar parados, (pasamos por t\u00faneles, gateras, etc.).<\/li>\r\n<li>Ingresamos con personas desde 5 hasta 60 a\u00f1os de edad.<\/li>\r\n<li>El numero de personas en el grupo, como m\u00e1ximo son 8 (ocho). Este cantidad depende si son grupos familiares o de amigos, ya que no de no ser asi, los grupos son mucho mas reducidos, esto debido a que estamos trabajando en modo Pandemia.<\/li>\r\n<li>No recibimos tarjetas de cr\u00e9dito, solo de contado efectivo<\/li>\r\n<li>Incluimos el equipo o indumentaria, (casco con luz frontal, overol y guantes) y l\u00f3gicamente la guiada por dentro de la caverna<\/li>\r\n<li>Se debe venir con zapatillas (no ojotas ni calzado con plataforma o tacos) y ropa c\u00f3moda<\/li>\r\n<li>Con relaci\u00f3n a los horarios, nos manejamos v\u00eda <strong>WhatsApp<\/strong>, se van haciendo los grupos de acuerdo a la gente, hay turnos a la ma\u00f1ana, tarde y si quieren tambi\u00e9n se puede hacer la visita nocturna, para cualquiera de los mismos debes comunicarte y asi arreglamos el d\u00eda y el horario..<\/li>\r\n<\/ul>\r\n\r\n\r\n\r\n<p>&nbsp;<\/p>\r\n\r\n\r\n\r\n<p>\u00a1\u00a1\u00a1LAS VISITAS SON \u00daNICAMENTE CON RESERVA PREVIA Y LAS MISMAS SE REALIZAN VIA WHATSAPP, YA QUE SE DEBEN ORGANIZAR LOS GRUPOS Y LOS HORARIOS!!!<\/p>\r\n\r\n\r\n\r\n<p>&nbsp;<\/p>\r\n","protected":false},"excerpt":{"rendered":"<p>Viv\u00ed una experiencia \u00fanica, descubr\u00ed un mundo subterr\u00e1neo atrapante y misterioso, donde el tiempo no pasa y el silencio llena todos los espacios<\/p>\n","protected":false},"author":3,"featured_media":601,"parent":147,"menu_order":0,"comment_status":"closed","ping_status":"closed","template":"","meta":{"footnotes":""},"class_list":["post-302","page","type-page","status-publish","has-post-thumbnail","hentry"],"_links":{"self":[{"href":"https:\/\/cavernaselsauce.com.ar\/index.php\/wp-json\/wp\/v2\/pages\/302","targetHints":{"allow":["GET"]}}],"collection":[{"href":"https:\/\/cavernaselsauce.com.ar\/index.php\/wp-json\/wp\/v2\/pages"}],"about":[{"href":"https:\/\/cavernaselsauce.com.ar\/index.php\/wp-json\/wp\/v2\/types\/page"}],"author":[{"embeddable":true,"href":"https:\/\/cavernaselsauce.com.ar\/index.php\/wp-json\/wp\/v2\/users\/3"}],"replies":[{"embeddable":true,"href":"https:\/\/cavernaselsauce.com.ar\/index.php\/wp-json\/wp\/v2\/comments?post=302"}],"version-history":[{"count":8,"href":"https:\/\/cavernaselsauce.com.ar\/index.php\/wp-json\/wp\/v2\/pages\/302\/revisions"}],"predecessor-version":[{"id":812,"href":"https:\/\/cavernaselsauce.com.ar\/index.php\/wp-json\/wp\/v2\/pages\/302\/revisions\/812"}],"up":[{"embeddable":true,"href":"https:\/\/cavernaselsauce.com.ar\/index.php\/wp-json\/wp\/v2\/pages\/147"}],"wp:featuredmedia":[{"embeddable":true,"href":"https:\/\/cavernaselsauce.com.ar\/index.php\/wp-json\/wp\/v2\/media\/601"}],"wp:attachment":[{"href":"https:\/\/cavernaselsauce.com.ar\/index.php\/wp-json\/wp\/v2\/media?parent=302"}],"curies":[{"name":"wp","href":"https:\/\/api.w.org\/{rel}","templated":true}]}}