{"id":147,"date":"2016-02-10T09:50:14","date_gmt":"2016-02-10T09:50:14","guid":{"rendered":"http:\/\/www.demo.acmethemes.com\/corporate-plus\/?page_id=9"},"modified":"2021-01-15T11:37:47","modified_gmt":"2021-01-15T11:37:47","slug":"slider","status":"publish","type":"page","link":"https:\/\/cavernaselsauce.com.ar\/index.php\/slider\/","title":{"rendered":"Slider"},"content":{"rendered":"\n<p>Es un lugar m\u00e1gico emplazado en las Sierras de C\u00f3rdoba, pacientemente constru\u00eddo por la naturaleza durante miles de a\u00f1os y que hoy pod\u00e9s visitar<\/p>\n","protected":false},"excerpt":{"rendered":"<p>Es un lugar m\u00e1gico emplazado en las Sierras de C\u00f3rdoba, pacientemente constru\u00eddo por la naturaleza durante miles de a\u00f1os y que hoy pod\u00e9s visitar<\/p>\n","protected":false},"author":3,"featured_media":0,"parent":0,"menu_order":0,"comment_status":"closed","ping_status":"closed","template":"","meta":{"footnotes":""},"class_list":["post-147","page","type-page","status-publish","hentry"],"_links":{"self":[{"href":"https:\/\/cavernaselsauce.com.ar\/index.php\/wp-json\/wp\/v2\/pages\/147","targetHints":{"allow":["GET"]}}],"collection":[{"href":"https:\/\/cavernaselsauce.com.ar\/index.php\/wp-json\/wp\/v2\/pages"}],"about":[{"href":"https:\/\/cavernaselsauce.com.ar\/index.php\/wp-json\/wp\/v2\/types\/page"}],"author":[{"embeddable":true,"href":"https:\/\/cavernaselsauce.com.ar\/index.php\/wp-json\/wp\/v2\/users\/3"}],"replies":[{"embeddable":true,"href":"https:\/\/cavernaselsauce.com.ar\/index.php\/wp-json\/wp\/v2\/comments?post=147"}],"version-history":[{"count":4,"href":"https:\/\/cavernaselsauce.com.ar\/index.php\/wp-json\/wp\/v2\/pages\/147\/revisions"}],"predecessor-version":[{"id":288,"href":"https:\/\/cavernaselsauce.com.ar\/index.php\/wp-json\/wp\/v2\/pages\/147\/revisions\/288"}],"wp:attachment":[{"href":"https:\/\/cavernaselsauce.com.ar\/index.php\/wp-json\/wp\/v2\/media?parent=147"}],"curies":[{"name":"wp","href":"https:\/\/api.w.org\/{rel}","templated":true}]}}